{"id":724,"date":"2025-04-24T09:53:24","date_gmt":"2025-04-24T12:53:24","guid":{"rendered":"https:\/\/ichthyology.com.br\/?page_id=724"},"modified":"2025-09-29T19:33:03","modified_gmt":"2025-09-29T22:33:03","slug":"transparencia","status":"publish","type":"page","link":"https:\/\/ichthyology.com.br\/?page_id=724","title":{"rendered":"Transpar\u00eancia"},"content":{"rendered":"\t\t<div data-elementor-type=\"wp-post\" data-elementor-id=\"724\" class=\"elementor elementor-724\" data-elementor-settings=\"{&quot;ha_cmc_init_switcher&quot;:&quot;no&quot;}\">\n\t\t\t\t<div class=\"elementor-element elementor-element-904cd1b e-flex e-con-boxed e-con e-parent\" data-id=\"904cd1b\" data-element_type=\"container\" data-e-type=\"container\" data-settings=\"{&quot;background_background&quot;:&quot;slideshow&quot;,&quot;background_slideshow_gallery&quot;:[{&quot;id&quot;:394,&quot;url&quot;:&quot;http:\\\/\\\/ichthyology.com.br\\\/wp-content\\\/uploads\\\/2023\\\/12\\\/Design-sem-nome.png&quot;},{&quot;id&quot;:153,&quot;url&quot;:&quot;http:\\\/\\\/ichthyology.com.br\\\/wp-content\\\/uploads\\\/2023\\\/11\\\/55.png&quot;},{&quot;id&quot;:150,&quot;url&quot;:&quot;http:\\\/\\\/ichthyology.com.br\\\/wp-content\\\/uploads\\\/2023\\\/11\\\/2.png&quot;}],&quot;background_slideshow_transition_duration&quot;:2000,&quot;background_slideshow_ken_burns&quot;:&quot;yes&quot;,&quot;background_slideshow_lazyload&quot;:&quot;yes&quot;,&quot;background_slideshow_loop&quot;:&quot;yes&quot;,&quot;background_slideshow_slide_duration&quot;:5000,&quot;background_slideshow_slide_transition&quot;:&quot;fade&quot;,&quot;background_slideshow_ken_burns_zoom_direction&quot;:&quot;in&quot;,&quot;_ha_eqh_enable&quot;:false}\">\n\t\t\t\t\t<div class=\"e-con-inner\">\n\t\t<div class=\"elementor-element elementor-element-d1cdd83 e-flex e-con-boxed e-con e-child\" data-id=\"d1cdd83\" data-element_type=\"container\" data-e-type=\"container\" data-settings=\"{&quot;_ha_eqh_enable&quot;:false}\">\n\t\t\t\t\t<div class=\"e-con-inner\">\n\t\t\t\t<div class=\"elementor-element elementor-element-62e299d elementor-widget elementor-widget-heading\" data-id=\"62e299d\" data-element_type=\"widget\" data-e-type=\"widget\" data-widget_type=\"heading.default\">\n\t\t\t\t<div class=\"elementor-widget-container\">\n\t\t\t\t\t<h2 class=\"elementor-heading-title elementor-size-xl\">Transpar\u00eancia<\/h2>\t\t\t\t<\/div>\n\t\t\t\t<\/div>\n\t\t\t\t\t<\/div>\n\t\t\t\t<\/div>\n\t\t\t\t\t<\/div>\n\t\t\t\t<\/div>\n\t\t<div class=\"elementor-element elementor-element-9dbecd7 e-con-full e-flex e-con e-parent\" data-id=\"9dbecd7\" data-element_type=\"container\" data-e-type=\"container\" data-settings=\"{&quot;shape_divider_top&quot;:&quot;waves&quot;,&quot;shape_divider_bottom&quot;:&quot;waves&quot;,&quot;_ha_eqh_enable&quot;:false}\">\n\t\t\t\t<div class=\"elementor-shape elementor-shape-top\" aria-hidden=\"true\" data-negative=\"false\">\n\t\t\t<svg xmlns=\"http:\/\/www.w3.org\/2000\/svg\" viewBox=\"0 0 1000 100\" preserveAspectRatio=\"none\">\n\t<path class=\"elementor-shape-fill\" d=\"M421.9,6.5c22.6-2.5,51.5,0.4,75.5,5.3c23.6,4.9,70.9,23.5,100.5,35.7c75.8,32.2,133.7,44.5,192.6,49.7\n\tc23.6,2.1,48.7,3.5,103.4-2.5c54.7-6,106.2-25.6,106.2-25.6V0H0v30.3c0,0,72,32.6,158.4,30.5c39.2-0.7,92.8-6.7,134-22.4\n\tc21.2-8.1,52.2-18.2,79.7-24.2C399.3,7.9,411.6,7.5,421.9,6.5z\"\/>\n<\/svg>\t\t<\/div>\n\t\t\t\t<div class=\"elementor-shape elementor-shape-bottom\" aria-hidden=\"true\" data-negative=\"false\">\n\t\t\t<svg xmlns=\"http:\/\/www.w3.org\/2000\/svg\" viewBox=\"0 0 1000 100\" preserveAspectRatio=\"none\">\n\t<path class=\"elementor-shape-fill\" d=\"M421.9,6.5c22.6-2.5,51.5,0.4,75.5,5.3c23.6,4.9,70.9,23.5,100.5,35.7c75.8,32.2,133.7,44.5,192.6,49.7\n\tc23.6,2.1,48.7,3.5,103.4-2.5c54.7-6,106.2-25.6,106.2-25.6V0H0v30.3c0,0,72,32.6,158.4,30.5c39.2-0.7,92.8-6.7,134-22.4\n\tc21.2-8.1,52.2-18.2,79.7-24.2C399.3,7.9,411.6,7.5,421.9,6.5z\"\/>\n<\/svg>\t\t<\/div>\n\t\t<div class=\"elementor-element elementor-element-2c20280 e-con-full e-flex e-con e-child\" data-id=\"2c20280\" data-element_type=\"container\" data-e-type=\"container\" data-settings=\"{&quot;_ha_eqh_enable&quot;:false}\">\n\t\t\t\t<div class=\"elementor-element elementor-element-8823b8c elementor-widget__width-initial elementor-invisible elementor-widget elementor-widget-heading\" data-id=\"8823b8c\" data-element_type=\"widget\" data-e-type=\"widget\" data-settings=\"{&quot;_animation&quot;:&quot;bounceInLeft&quot;}\" data-widget_type=\"heading.default\">\n\t\t\t\t<div class=\"elementor-widget-container\">\n\t\t\t\t\t<h2 class=\"elementor-heading-title elementor-size-xl\">Relat\u00f3rio de Transpar\u00eancia Salarial <\/h2>\t\t\t\t<\/div>\n\t\t\t\t<\/div>\n\t\t\t\t<div class=\"elementor-element elementor-element-708a51f elementor-widget__width-initial elementor-widget elementor-widget-text-editor\" data-id=\"708a51f\" data-element_type=\"widget\" data-e-type=\"widget\" data-widget_type=\"text-editor.default\">\n\t\t\t\t<div class=\"elementor-widget-container\">\n\t\t\t\t\t\t\t\t\t<p>COMPROMISSO COM A EQUIDADE:<\/p><p class=\"\" data-start=\"226\" data-end=\"345\"><span class=\"relative -mx-px my-[-0.2rem] rounded px-px py-[0.2rem] transition-colors duration-100 ease-in-out\">Desde sua funda\u00e7\u00e3o em 2005, a Ichthyology Consultoria Ambiental tem como miss\u00e3o promover o desenvolvimento sustent\u00e1vel, integrando responsabilidade socioambiental em todas as suas opera\u00e7\u00f5es.<\/span> <span class=\"relative -mx-px my-[-0.2rem] rounded px-px py-[0.2rem] transition-colors duration-100 ease-in-out\">Reconhecemos que a equidade de g\u00eanero \u00e9 fundamental para a constru\u00e7\u00e3o de um ambiente de trabalho justo e inclusivo, refletindo diretamente na qualidade dos servi\u00e7os prestados e na satisfa\u00e7\u00e3o de nossos colaboradores.<\/span><\/p><p data-start=\"347\" data-end=\"373\">ATENDENDO \u00c0 LEGISLA\u00c7\u00c3O<\/p><p class=\"\" data-start=\"375\" data-end=\"494\"><span class=\"relative -mx-px my-[-0.2rem] rounded px-px py-[0.2rem] transition-colors duration-100 ease-in-out\">Em conformidade com a Lei n\u00ba 14.611\/2023, o Decreto n\u00ba 11.795\/2023 e a Portaria MTE n\u00ba 3.714\/2023, divulgamos nosso Relat\u00f3rio de Transpar\u00eancia Salarial e de Crit\u00e9rios Remunerat\u00f3rios.<\/span> <span class=\"relative -mx-px my-[-0.2rem] rounded px-px py-[0.2rem] transition-colors duration-100 ease-in-out\">Os dados apresentados foram extra\u00eddos do eSocial referente ao ano de 2024 e anonimizados conforme a Lei Geral de Prote\u00e7\u00e3o de Dados Pessoais (LGPD &#8211; Lei n\u00ba 13.709\/2018).<\/span>\u200b<\/p><p data-start=\"496\" data-end=\"521\">METODOLOGIA UTILIZADA:<\/p><p class=\"\" data-start=\"523\" data-end=\"686\"><span class=\"relative -mx-px my-[-0.2rem] rounded px-px py-[0.2rem] transition-colors duration-100 ease-in-out\">Os relat\u00f3rios foram elaborados com base na Classifica\u00e7\u00e3o Brasileira de Ocupa\u00e7\u00f5es (CBO), agrupando os cargos em Grandes Grupos de Ocupa\u00e7\u00f5es.<\/span> <span class=\"relative -mx-px my-[-0.2rem] rounded px-px py-[0.2rem] transition-colors duration-100 ease-in-out\">Foram considerados estabelecimentos com 100 ou mais empregados em 31\/12\/2024.<\/span> <span class=\"relative -mx-px my-[-0.2rem] rounded px-px py-[0.2rem] transition-colors duration-100 ease-in-out\">As m\u00e9tricas principais incluem:<\/span>\u200b<\/p><ul data-start=\"688\" data-end=\"1178\"><li class=\"\" data-start=\"688\" data-end=\"811\"><p class=\"\" data-start=\"690\" data-end=\"811\"><strong data-start=\"690\" data-end=\"724\">Sal\u00e1rio Mediano de Contrata\u00e7\u00e3o<\/strong>: <span class=\"relative -mx-px my-[-0.2rem] rounded px-px py-[0.2rem] transition-colors duration-100 ease-in-out\">valor central dos sal\u00e1rios de contrata\u00e7\u00e3o para cada grupo ocupacional.<\/span>\u200b<\/p><\/li><li class=\"\" data-start=\"813\" data-end=\"923\"><p class=\"\" data-start=\"815\" data-end=\"923\"><strong data-start=\"815\" data-end=\"836\">Remunera\u00e7\u00e3o M\u00e9dia<\/strong>: <span class=\"relative -mx-px my-[-0.2rem] rounded px-px py-[0.2rem] transition-colors duration-100 ease-in-out\">m\u00e9dia das remunera\u00e7\u00f5es totais recebidas pelos empregados.<\/span>\u200b<\/p><\/li><li class=\"\" data-start=\"925\" data-end=\"1057\"><p class=\"\" data-start=\"927\" data-end=\"1057\"><strong data-start=\"927\" data-end=\"970\">Raz\u00e3o do Sal\u00e1rio Mediano de Contrata\u00e7\u00e3o<\/strong>: <span class=\"relative -mx-px my-[-0.2rem] rounded px-px py-[0.2rem] transition-colors duration-100 ease-in-out\">rela\u00e7\u00e3o entre o sal\u00e1rio mediano das mulheres e dos homens.<\/span>\u200b<\/p><\/li><li class=\"\" data-start=\"1059\" data-end=\"1178\"><p class=\"\" data-start=\"1061\" data-end=\"1178\"><strong data-start=\"1061\" data-end=\"1091\">Raz\u00e3o da Remunera\u00e7\u00e3o M\u00e9dia<\/strong>: <span class=\"relative -mx-px my-[-0.2rem] rounded px-px py-[0.2rem] transition-colors duration-100 ease-in-out\">rela\u00e7\u00e3o entre a remunera\u00e7\u00e3o m\u00e9dia das mulheres e dos homens.<\/span>\u200b<\/p><\/li><\/ul><p class=\"\" data-start=\"1180\" data-end=\"1305\"><span class=\"relative -mx-px my-[-0.2rem] rounded px-px py-[0.2rem] transition-colors duration-100 ease-in-out\">\u00c9 importante destacar que, devido \u00e0 metodologia adotada, os dados podem n\u00e3o refletir com precis\u00e3o as especificidades dos cargos e fun\u00e7\u00f5es dentro da nossa organiza\u00e7\u00e3o.<\/span> <span class=\"relative -mx-px my-[-0.2rem] rounded px-px py-[0.2rem] transition-colors duration-100 ease-in-out\">Fatores como tempo de servi\u00e7o, produtividade, perfei\u00e7\u00e3o t\u00e9cnica e n\u00edvel hier\u00e1rquico n\u00e3o s\u00e3o considerados na an\u00e1lise, o que pode gerar distor\u00e7\u00f5es nas compara\u00e7\u00f5es apresentadas.<\/span>\u200b<\/p><p>NOSSAS INICIATIVAS<\/p><p class=\"\" data-start=\"1331\" data-end=\"1456\"><span class=\"relative -mx-px my-[-0.2rem] rounded px-px py-[0.2rem] transition-colors duration-100 ease-in-out\">A Ichthyology Consultoria Ambiental valoriza a diversidade e promove a equidade de oportunidades para todos os colaboradores.<\/span> <span class=\"relative -mx-px my-[-0.2rem] rounded px-px py-[0.2rem] transition-colors duration-100 ease-in-out\">Implementamos pol\u00edticas internas que visam:<\/span>\u200b<\/p><ul data-start=\"1458\" data-end=\"1812\"><li class=\"\" data-start=\"1458\" data-end=\"1545\"><p class=\"\" data-start=\"1460\" data-end=\"1545\"><span class=\"relative -mx-px my-[-0.2rem] rounded px-px py-[0.2rem] transition-colors duration-100 ease-in-out\">Garantir processos seletivos justos e imparciais.<\/span>\u200b<\/p><\/li><li class=\"\" data-start=\"1547\" data-end=\"1634\"><p class=\"\" data-start=\"1549\" data-end=\"1634\"><span class=\"relative -mx-px my-[-0.2rem] rounded px-px py-[0.2rem] transition-colors duration-100 ease-in-out\">Oferecer programas de capacita\u00e7\u00e3o e desenvolvimento profissional.<\/span>\u200b<\/p><\/li><li class=\"\" data-start=\"1636\" data-end=\"1723\"><p class=\"\" data-start=\"1638\" data-end=\"1723\"><span class=\"relative -mx-px my-[-0.2rem] rounded px-px py-[0.2rem] transition-colors duration-100 ease-in-out\">Promover um ambiente de trabalho inclusivo e respeitoso.<\/span>\u200b<\/p><\/li><li class=\"\" data-start=\"1725\" data-end=\"1812\"><p class=\"\" data-start=\"1727\" data-end=\"1812\"><span class=\"relative -mx-px my-[-0.2rem] rounded px-px py-[0.2rem] transition-colors duration-100 ease-in-out\">Monitorar e revisar periodicamente as pr\u00e1ticas remunerat\u00f3rias para assegurar a equidade salarial.<\/span>\u200b<\/p><\/li><\/ul><p>COMPROMISSO CONT\u00cdNUO<\/p><p class=\"\" data-start=\"1840\" data-end=\"1965\"><span class=\"relative -mx-px my-[-0.2rem] rounded px-px py-[0.2rem] transition-colors duration-100 ease-in-out\">Estamos comprometidos em aprimorar continuamente nossas pr\u00e1ticas de gest\u00e3o de pessoas, alinhando-nos \u00e0s melhores pr\u00e1ticas de mercado e \u00e0s exig\u00eancias legais.<\/span> <span class=\"relative -mx-px my-[-0.2rem] rounded px-px py-[0.2rem] transition-colors duration-100 ease-in-out\">Refor\u00e7amos nossa disposi\u00e7\u00e3o em colaborar com as autoridades competentes para o desenvolvimento de metodologias mais precisas e representativas, que considerem as particularidades de cada organiza\u00e7\u00e3o e promovam efetivamente a igualdade salarial entre mulheres e homens.<\/span><\/p><p>ACESSE OS RELAT\u00d3RIOS DE TRANSPAR\u00caNCIA SALARIAL:<\/p><p><a href=\"http:\/\/ichthyology.com.br\/wp-content\/uploads\/2025\/09\/RelatorioIgualdadeSalarialLote_2025_2_7436099000118.pdf\">https:\/\/ichthyology.com.br\/wp-content\/uploads\/2025\/09\/rel-igualdade-07436099000118-2025-2.pdf<\/a><\/p><p><a href=\"http:\/\/ichthyology.com.br\/wp-content\/uploads\/2025\/04\/rel-igualdade-07436099000118-2025-1.pdf\">https:\/\/ichthyology.com.br\/wp-content\/uploads\/2025\/04\/rel-igualdade-07436099000118-2025-1.pdf<\/a><\/p><p><a href=\"http:\/\/ichthyology.com.br\/wp-content\/uploads\/2025\/04\/rel-igualdade-07436099000118-2024-2.pdf\">https:\/\/ichthyology.com.br\/wp-content\/uploads\/2025\/04\/rel-igualdade-07436099000118-2024-2.pdf<\/a><\/p><p><a href=\"http:\/\/ichthyology.com.br\/wp-content\/uploads\/2025\/04\/rel-igualdade-07436099000118-2024-1.pdf\">https:\/\/ichthyology.com.br\/wp-content\/uploads\/2025\/04\/rel-igualdade-07436099000118-2024-1.pdf<\/a><\/p>\t\t\t\t\t\t\t\t<\/div>\n\t\t\t\t<\/div>\n\t\t\t\t<\/div>\n\t\t\t\t<\/div>\n\t\t\t\t<\/div>\n\t\t","protected":false},"excerpt":{"rendered":"<p>Transpar\u00eancia Relat\u00f3rio de Transpar\u00eancia Salarial COMPROMISSO COM A EQUIDADE: Desde sua funda\u00e7\u00e3o em 2005, a Ichthyology Consultoria Ambiental tem como miss\u00e3o promover o desenvolvimento sustent\u00e1vel, integrando responsabilidade socioambiental em todas as suas opera\u00e7\u00f5es. Reconhecemos que a equidade de g\u00eanero \u00e9 fundamental para a constru\u00e7\u00e3o de um ambiente de trabalho justo e inclusivo, refletindo diretamente na&#8230;<\/p>\n","protected":false},"author":1,"featured_media":0,"parent":0,"menu_order":0,"comment_status":"closed","ping_status":"closed","template":"elementor_header_footer","meta":{"_kad_post_transparent":"","_kad_post_title":"","_kad_post_layout":"","_kad_post_sidebar_id":"","_kad_post_content_style":"","_kad_post_vertical_padding":"","_kad_post_feature":"","_kad_post_feature_position":"","_kad_post_header":false,"_kad_post_footer":false,"footnotes":""},"class_list":["post-724","page","type-page","status-publish","hentry"],"_links":{"self":[{"href":"https:\/\/ichthyology.com.br\/index.php?rest_route=\/wp\/v2\/pages\/724","targetHints":{"allow":["GET"]}}],"collection":[{"href":"https:\/\/ichthyology.com.br\/index.php?rest_route=\/wp\/v2\/pages"}],"about":[{"href":"https:\/\/ichthyology.com.br\/index.php?rest_route=\/wp\/v2\/types\/page"}],"author":[{"embeddable":true,"href":"https:\/\/ichthyology.com.br\/index.php?rest_route=\/wp\/v2\/users\/1"}],"replies":[{"embeddable":true,"href":"https:\/\/ichthyology.com.br\/index.php?rest_route=%2Fwp%2Fv2%2Fcomments&post=724"}],"version-history":[{"count":37,"href":"https:\/\/ichthyology.com.br\/index.php?rest_route=\/wp\/v2\/pages\/724\/revisions"}],"predecessor-version":[{"id":779,"href":"https:\/\/ichthyology.com.br\/index.php?rest_route=\/wp\/v2\/pages\/724\/revisions\/779"}],"wp:attachment":[{"href":"https:\/\/ichthyology.com.br\/index.php?rest_route=%2Fwp%2Fv2%2Fmedia&parent=724"}],"curies":[{"name":"wp","href":"https:\/\/api.w.org\/{rel}","templated":true}]}}